{"id":10636,"date":"2016-11-22T13:30:25","date_gmt":"2016-11-22T13:30:25","guid":{"rendered":"http:\/\/opportunity.mikado-themes.com\/?page_id=10636"},"modified":"2026-02-16T10:45:51","modified_gmt":"2026-02-16T10:45:51","slug":"sobre-nosotros","status":"publish","type":"page","link":"https:\/\/ferrallaslosllanos.es\/index.php\/sobre-nosotros\/","title":{"rendered":"Sobre nosotros"},"content":{"rendered":"<p>[vc_row content_width=\u00bbgrid\u00bb css=\u00bb.vc_custom_1481290426649{margin-top: -255px !important;}\u00bb][vc_column]<div class=\"mkd-elements-holder mkd-responsive-mode-768\" ><div class=\"mkd-elements-holder-item mkd-horizontal-alignment-left\" data-item-class=\"mkd-elements-holder-custom-727045\" data-1280-1440=\"0 0 0 0\" data-1024-1280=\"58px 0 0 0 \" data-768-1024=\"27px 0 0 0 \" data-600-768=\"76px 0 0 0\" data-480-600=\"0 0 0 0\" data-480=\"165px 0 0 0\" >\n    <div class=\"mkd-elements-holder-item-inner\">\n        <div class=\"mkd-elements-holder-item-content mkd-elements-holder-custom-727045\" style=\"padding: 0 0 0 0\">\n            <div class=\"mkd-static-text-slider-holder\">\n    <div class=\"mkd-static-text-slider-images-holder\">\n        <div class=\"flexslider\">\n            <ul class=\"slides\">\n                                    <li>\n                        <img loading=\"lazy\" decoding=\"async\" width=\"640\" height=\"480\" src=\"https:\/\/ferrallaslosllanos.es\/wp-content\/uploads\/2019\/01\/2-Peque\u00f1o.jpg\" class=\"attachment-full size-full\" alt=\"\" srcset=\"https:\/\/ferrallaslosllanos.es\/wp-content\/uploads\/2019\/01\/2-Peque\u00f1o.jpg 640w, https:\/\/ferrallaslosllanos.es\/wp-content\/uploads\/2019\/01\/2-Peque\u00f1o-300x225.jpg 300w\" sizes=\"auto, (max-width: 640px) 100vw, 640px\" \/>                    <\/li>\n                                    <li>\n                        <img loading=\"lazy\" decoding=\"async\" width=\"1536\" height=\"1024\" src=\"https:\/\/ferrallaslosllanos.es\/wp-content\/uploads\/2025\/05\/optimized_trucks_image.jpg\" class=\"attachment-full size-full\" alt=\"\" srcset=\"https:\/\/ferrallaslosllanos.es\/wp-content\/uploads\/2025\/05\/optimized_trucks_image.jpg 1536w, https:\/\/ferrallaslosllanos.es\/wp-content\/uploads\/2025\/05\/optimized_trucks_image-300x200.jpg 300w, https:\/\/ferrallaslosllanos.es\/wp-content\/uploads\/2025\/05\/optimized_trucks_image-1024x683.jpg 1024w, https:\/\/ferrallaslosllanos.es\/wp-content\/uploads\/2025\/05\/optimized_trucks_image-768x512.jpg 768w\" sizes=\"auto, (max-width: 1536px) 100vw, 1536px\" \/>                    <\/li>\n                                    <li>\n                        <img loading=\"lazy\" decoding=\"async\" width=\"1536\" height=\"1024\" src=\"https:\/\/ferrallaslosllanos.es\/wp-content\/uploads\/2025\/05\/optimized_construction_image.jpg\" class=\"attachment-full size-full\" alt=\"\" srcset=\"https:\/\/ferrallaslosllanos.es\/wp-content\/uploads\/2025\/05\/optimized_construction_image.jpg 1536w, https:\/\/ferrallaslosllanos.es\/wp-content\/uploads\/2025\/05\/optimized_construction_image-300x200.jpg 300w, https:\/\/ferrallaslosllanos.es\/wp-content\/uploads\/2025\/05\/optimized_construction_image-1024x683.jpg 1024w, https:\/\/ferrallaslosllanos.es\/wp-content\/uploads\/2025\/05\/optimized_construction_image-768x512.jpg 768w\" sizes=\"auto, (max-width: 1536px) 100vw, 1536px\" \/>                    <\/li>\n                            <\/ul>\n        <\/div>\n    <\/div>\n    <div class=\"mkd-static-text-slider-text-holder\" >\n        <div class=\"mkd-static-text-slider-text\">\n            <div class=\"mkd-static-text-slider-text-inner\">\n                                    <h2> Ferrallas Los Llanos S.L.L. \/ Fergalsan S.L.<\/h2>\n                                                    <p> Desde el a\u00f1o 1997 llevamos a cabo todo tipo de proyectos de ferralla.<\/p>\n                                                    <a href=\"https:\/\/ferrallaslosllanos.es\/proyectos\/\" target=\"_self\" style=\"color: #ffffff;background-color: #295c86;border-color: #295c86\" class=\"mkd-btn mkd-btn-medium mkd-btn-solid mkd-btn-custom-hover-bg mkd-btn-custom-hover-color mkd-btn-slide-from-left mkd-btn-with-animation\" data-hover-bg-color=\"#ffffff\" data-hover-color=\"#295c86\" >\t<span class=\"mkd-btn-text-holder\">\t\t<span class=\"mkd-btn-text\">Proyectos<\/span>\t\t\t<\/span>\t\t\t<span class=\"mkd-btn-helper\" style=\"color: #295c86\">\t\t\t<span class=\"mkd-btn-helper-table\">\t\t\t\t<span class=\"mkd-btn-helper-cell\">\t\t\t\t\t<span class=\"mkd-btn-text\">Proyectos<\/span>\t\t\t\t\t\t\t\t\t<\/span>\t\t\t<\/span>\t\t<\/span>\t<\/a>                            <\/div>\n        <\/div>\n    <\/div>\n<\/div>        <\/div>\n    <\/div>\n<\/div><\/div>[\/vc_column][\/vc_row][vc_row content_width=\u00bbgrid\u00bb content_aligment=\u00bbcenter\u00bb bottom_line=\u00bbyes\u00bb css=\u00bb.vc_custom_1770837874331{background-color: #ffffff !important;}\u00bb color_bottom_line=\u00bb#014f82&#8243; el_class=\u00bbhidden\u00bb][vc_column el_class=\u00bbhidden\u00bb]<div class=\"mkd-elements-holder mkd-responsive-mode-768\" ><div class=\"mkd-elements-holder-item mkd-horizontal-alignment-center\" data-item-class=\"mkd-elements-holder-custom-153346\" >\n    <div class=\"mkd-elements-holder-item-inner\">\n        <div class=\"mkd-elements-holder-item-content mkd-elements-holder-custom-153346\" style=\"padding: 75px 0 90px 0\">\n            <div class=\"mkd-section-subtitle-holder mkd-section-subtitle-center\" style=\"width: 100%\">\n\t<h3 style=\"text-align: center\" class=\"mkd-section-subtitle\">La calidad es un requisito imprescindible en Ferrallas Los Llanos S.L.L. \/ Fergalsan S.L., por lo que a la hora de acaparar la materia prima solo tratamos con proveedores de acero con categor\u00eda reconocida a nivel nacional. Adem\u00e1s contamos con un personal de taller que permite complementar a la perfecci\u00f3n la experiencia de m\u00e1s de 20 a\u00f1os con la innovaci\u00f3n llevada a cabo por los profesionales m\u00e1s cualificados, que disponen de la maquinaria m\u00e1s moderna y avanzada existente en este sector, lo que supone un constante incremento de nuestras productividades.<\/h3>\n<\/div>[vc_empty_space height=\u00bb27px\u00bb]        <\/div>\n    <\/div>\n<\/div><\/div>[\/vc_column][\/vc_row][vc_row row_type=\u00bbparallax\u00bb content_width=\u00bbgrid\u00bb top_line=\u00bbyes\u00bb full_screen_section_height=\u00bbno\u00bb parallax_background_image=\u00bb10691&#8243; color_top_line=\u00bb#ffffff\u00bb][vc_column]<div class=\"mkd-elements-holder mkd-responsive-mode-768\" ><div class=\"mkd-elements-holder-item mkd-horizontal-alignment-left\" data-item-class=\"mkd-elements-holder-custom-880445\" data-1280-1440=\"83px 0% 353px 0%\" data-1024-1280=\"83px 0% 293px 0%\" data-768-1024=\"83px 0% 315px 0%\" data-600-768=\"83px 0% 250px 0%\" data-480-600=\"83px 0% 250px 0%\" data-480=\"83px 0% 250px 0%\" >\n    <div class=\"mkd-elements-holder-item-inner\">\n        <div class=\"mkd-elements-holder-item-content mkd-elements-holder-custom-880445\" style=\"padding: 83px 0% 353px 0%\">\n            [vc_row_inner el_class=\u00bbhidden\u00bb][vc_column_inner width=\u00bb1\/2&#8243; offset=\u00bbvc_col-lg-3 vc_col-md-3&#8243;][vc_single_image image=\u00bb16878&#8243; img_size=\u00bb300&#215;300&#8243;][vc_empty_space height=\u00bb30px\u00bb][\/vc_column_inner][vc_column_inner width=\u00bb1\/2&#8243; offset=\u00bbvc_col-lg-3 vc_col-md-3&#8243;][vc_single_image image=\u00bb16880&#8243; img_size=\u00bb300&#215;300&#8243;][vc_empty_space height=\u00bb30px\u00bb][\/vc_column_inner][vc_column_inner width=\u00bb1\/2&#8243; offset=\u00bbvc_col-lg-3 vc_col-md-3&#8243;][vc_single_image image=\u00bb16882&#8243; img_size=\u00bb300&#215;300&#8243;][vc_empty_space height=\u00bb30px\u00bb][\/vc_column_inner][vc_column_inner width=\u00bb1\/2&#8243; offset=\u00bbvc_col-lg-3 vc_col-md-3&#8243;][vc_single_image image=\u00bb16883&#8243; img_size=\u00bb300&#215;300&#8243;][vc_empty_space height=\u00bb30px\u00bb][\/vc_column_inner][\/vc_row_inner]        <\/div>\n    <\/div>\n<\/div><\/div>[\/vc_column][\/vc_row][vc_row content_width=\u00bbgrid\u00bb css=\u00bb.vc_custom_1479895679491{background-color: #e8eff4 !important;}\u00bb][vc_column el_class=\u00bbhidden\u00bb][vc_row_inner][vc_column_inner css=\u00bb.vc_custom_1481290598184{margin-top: -307px !important;}\u00bb]<div class=\"mkd-elements-holder mkd-responsive-mode-768\" ><div class=\"mkd-elements-holder-item mkd-horizontal-alignment-left\" data-item-class=\"mkd-elements-holder-custom-512109\" data-1024-1280=\"49px 0 0 0\" data-768-1024=\"33px 0 0 0\" data-600-768=\"95px 0 0 0\" >\n    <div class=\"mkd-elements-holder-item-inner\">\n        <div class=\"mkd-elements-holder-item-content mkd-elements-holder-custom-512109\" style=\"padding: 0 0 0 0\">\n            [vc_column_text]<span style=\"color: #ffffff;\">Como colof\u00f3n, nuestra\u00a0amplia y capacitada\u00a0plantilla de\u00a0montadores de obra\u00a0garantiza un excelente servicio a\u00a0la clientela, y es que el campo de actuaci\u00f3n de nuestras empresas abarca a\u00a0toda la geograf\u00eda espa\u00f1ola, concentrando\u00a0gran parte de\u00a0la actividad en los alrededores de la capital,\u00a0Madrid, pero ampliando constantemente\u00a0el\u00a0radio de ejecuci\u00f3n de obra hacia pr\u00e1cticamente todos las zonas del\u00a0pa\u00eds (Norte peninsular, Zona Centro, Levante, Extremadura, Andaluc\u00eda &#8230;).\u00a0 Tampoco descartamos nunca el\u00a0mercado internacional, habiendo realizado con anterioridad trabajos en el exterior, en pa\u00edses como por ejemplo Argelia.<\/span>[\/vc_column_text]        <\/div>\n    <\/div>\n<\/div><\/div>[\/vc_column_inner][\/vc_row_inner][\/vc_column][\/vc_row][vc_row content_width=\u00bbgrid\u00bb css=\u00bb.vc_custom_1481287763689{padding-top: 50px !important;padding-bottom: 60px !important;background-color: #e8eff4 !important;}\u00bb][vc_column]<div class=\"mkd-elements-holder mkd-responsive-mode-768\" ><div class=\"mkd-elements-holder-item mkd-horizontal-alignment-left\" data-item-class=\"mkd-elements-holder-custom-467328\" >\n    <div class=\"mkd-elements-holder-item-inner\">\n        <div class=\"mkd-elements-holder-item-content mkd-elements-holder-custom-467328\" style=\"padding: 1.3% 0 2% 0\">\n            <div class=\"mkd-section-subtitle-holder mkd-section-subtitle-center\" style=\"width: 60%\">\n\t<h3 style=\"text-align: center\" class=\"mkd-section-subtitle\">Contacta con nosotros donde y como quieras<\/h3>\n<\/div>        <\/div>\n    <\/div>\n<\/div><\/div>[vc_empty_space]<div class=\"mkd-elements-holder mkd-responsive-mode-768\" ><div class=\"mkd-elements-holder-item mkd-horizontal-alignment-left\" data-item-class=\"mkd-elements-holder-custom-975275\" >\n    <div class=\"mkd-elements-holder-item-inner\">\n        <div class=\"mkd-elements-holder-item-content mkd-elements-holder-custom-975275\" style=\"padding: 0 0 1.5% 0\">\n            [vc_row_inner content_aligment=\u00bbcenter\u00bb][vc_column_inner width=\u00bb1\/4&#8243; offset=\u00bbvc_col-lg-3 vc_col-md-6&#8243;]<div class=\"mkd-iwt clearfix mkd-iwt-icon-top mkd-iwt-icon-tiny\">\n    <div class=\"mkd-iwt-icon-holder\">\n                    <a class=\"mkd-iwt-link\" href=\"tel:967254010\" target=\"_self\">\n                \n\t<span class=\"mkd-icon-shortcode circle\" style=\"margin: 0 0 10px 0;width: 123px;height: 122px;line-height: 122px;background-color: #ffffff\" data-hover-background-color=\"#ffe400\" data-hover-color=\"#043f71\" data-color=\"#cbd2da\">\n        \n\t\t\t<span aria-hidden=\"true\" class=\"mkd-icon-font-elegant icon_toolbox_alt mkd-icon-element\" style=\"color: #cbd2da;font-size:29px\" ><\/span>\n\t\t\t    <\/span>\n\n\t            <\/a>\n            <\/div>\n    <div class=\"mkd-iwt-content-holder\" >\n        <div class=\"mkd-iwt-title-holder\">\n            <h4 >Tel\u00e9fono<\/h4>\n    <\/div>\n    <div class=\"mkd-iwt-text-holder\">\n        <p >967 254 010 o 670 333 287<\/p>\n    <\/div>\n<\/div>\n<\/div>[vc_empty_space height=\u00bb30px\u00bb][\/vc_column_inner][vc_column_inner width=\u00bb1\/2&#8243;]<div class=\"mkd-iwt clearfix mkd-iwt-icon-top mkd-iwt-icon-tiny\">\n    <div class=\"mkd-iwt-icon-holder\">\n                    <a class=\"mkd-iwt-link\" href=\"\" target=\"_self\">\n                \n\t<span class=\"mkd-icon-shortcode circle\" style=\"margin: 0 0 10px 0;width: 123px;height: 122px;line-height: 122px;background-color: #ffffff\" data-hover-background-color=\"#ffe400\" data-hover-color=\"#043f71\" data-color=\"#cbd2da\">\n        \n\t\t\t<span aria-hidden=\"true\" class=\"mkd-icon-font-elegant icon_ribbon_alt mkd-icon-element\" style=\"color: #cbd2da;font-size:29px\" ><\/span>\n\t\t\t    <\/span>\n\n\t            <\/a>\n            <\/div>\n    <div class=\"mkd-iwt-content-holder\" >\n        <div class=\"mkd-iwt-title-holder\">\n            <h4 >Direcci\u00f3n<\/h4>\n    <\/div>\n    <div class=\"mkd-iwt-text-holder\">\n        <p >Pol. Ind. Romica \u2013 C\/ Lisboa, Parcelas 15 y 17, 02005 Albacete<\/p>\n    <\/div>\n<\/div>\n<\/div>[vc_empty_space height=\u00bb30px\u00bb][\/vc_column_inner][vc_column_inner width=\u00bb1\/4&#8243;]<div class=\"mkd-iwt clearfix mkd-iwt-icon-top mkd-iwt-icon-tiny\">\n    <div class=\"mkd-iwt-icon-holder\">\n                    <a class=\"mkd-iwt-link\" href=\"mailto:blas@ferrallaslosllanos.es\" target=\"_self\">\n                \n\t<span class=\"mkd-icon-shortcode circle\" style=\"margin: 0 0 10px 0;width: 123px;height: 122px;line-height: 122px;background-color: #ffffff\" data-hover-background-color=\"#ffe400\" data-hover-color=\"#043f71\" data-color=\"#cbd2da\">\n        \n\t\t\t<span aria-hidden=\"true\" class=\"mkd-icon-font-elegant icon_clock_alt mkd-icon-element\" style=\"color: #cbd2da;font-size:29px\" ><\/span>\n\t\t\t    <\/span>\n\n\t            <\/a>\n            <\/div>\n    <div class=\"mkd-iwt-content-holder\" >\n        <div class=\"mkd-iwt-title-holder\">\n            <h4 >Email<\/h4>\n    <\/div>\n    <div class=\"mkd-iwt-text-holder\">\n        <p >blas@ferrallaslosllanos.es<\/p>\n    <\/div>\n<\/div>\n<\/div>[vc_empty_space height=\u00bb30px\u00bb][\/vc_column_inner][\/vc_row_inner]        <\/div>\n    <\/div>\n<\/div><\/div>[\/vc_column][\/vc_row]<\/p>\n","protected":false},"excerpt":{"rendered":"<p>[vc_row content_width=\u00bbgrid\u00bb css=\u00bb.vc_custom_1481290426649{margin-top: -255px !important;}\u00bb][vc_column][\/vc_column][\/vc_row][vc_row content_width=\u00bbgrid\u00bb content_aligment=\u00bbcenter\u00bb bottom_line=\u00bbyes\u00bb css=\u00bb.vc_custom_1770837874331{background-color: #ffffff !important;}\u00bb color_bottom_line=\u00bb#014f82&#8243; el_class=\u00bbhidden\u00bb][vc_column el_class=\u00bbhidden\u00bb][\/vc_column][\/vc_row][vc_row row_type=\u00bbparallax\u00bb content_width=\u00bbgrid\u00bb top_line=\u00bbyes\u00bb full_screen_section_height=\u00bbno\u00bb parallax_background_image=\u00bb10691&#8243; color_top_line=\u00bb#ffffff\u00bb][vc_column][\/vc_column][\/vc_row][vc_row content_width=\u00bbgrid\u00bb css=\u00bb.vc_custom_1479895679491{background-color: #e8eff4 !important;}\u00bb][vc_column el_class=\u00bbhidden\u00bb][vc_row_inner][vc_column_inner css=\u00bb.vc_custom_1481290598184{margin-top: -307px !important;}\u00bb][\/vc_column_inner][\/vc_row_inner][\/vc_column][\/vc_row][vc_row content_width=\u00bbgrid\u00bb css=\u00bb.vc_custom_1481287763689{padding-top: 50px !important;padding-bottom: 60px !important;background-color: #e8eff4 !important;}\u00bb][vc_column][vc_empty_space][\/vc_column][\/vc_row]<\/p>\n","protected":false},"author":1,"featured_media":0,"parent":0,"menu_order":0,"comment_status":"closed","ping_status":"closed","template":"full-width.php","meta":{"footnotes":""},"class_list":["post-10636","page","type-page","status-publish","hentry"],"yoast_head":"<!-- This site is optimized with the Yoast SEO plugin v24.9 - https:\/\/yoast.com\/wordpress\/plugins\/seo\/ -->\n<title>Sobre nosotros - Ferrallas los Llanos<\/title>\n<meta name=\"robots\" content=\"index, follow, max-snippet:-1, max-image-preview:large, max-video-preview:-1\" \/>\n<link rel=\"canonical\" href=\"https:\/\/ferrallaslosllanos.es\/index.php\/sobre-nosotros\/\" \/>\n<meta property=\"og:locale\" content=\"es_ES\" \/>\n<meta property=\"og:type\" content=\"article\" \/>\n<meta property=\"og:title\" content=\"Sobre nosotros - Ferrallas los Llanos\" \/>\n<meta property=\"og:description\" content=\"[vc_row content_width=\u00bbgrid\u00bb css=\u00bb.vc_custom_1481290426649{margin-top: -255px !important;}\u00bb][vc_column][\/vc_column][\/vc_row][vc_row content_width=\u00bbgrid\u00bb content_aligment=\u00bbcenter\u00bb bottom_line=\u00bbyes\u00bb css=\u00bb.vc_custom_1770837874331{background-color: #ffffff !important;}\u00bb color_bottom_line=\u00bb#014f82&#8243; el_class=\u00bbhidden\u00bb][vc_column el_class=\u00bbhidden\u00bb][\/vc_column][\/vc_row][vc_row row_type=\u00bbparallax\u00bb content_width=\u00bbgrid\u00bb top_line=\u00bbyes\u00bb full_screen_section_height=\u00bbno\u00bb parallax_background_image=\u00bb10691&#8243; color_top_line=\u00bb#ffffff\u00bb][vc_column][\/vc_column][\/vc_row][vc_row content_width=\u00bbgrid\u00bb css=\u00bb.vc_custom_1479895679491{background-color: #e8eff4 !important;}\u00bb][vc_column el_class=\u00bbhidden\u00bb][vc_row_inner][vc_column_inner css=\u00bb.vc_custom_1481290598184{margin-top: -307px !important;}\u00bb][\/vc_column_inner][\/vc_row_inner][\/vc_column][\/vc_row][vc_row content_width=\u00bbgrid\u00bb css=\u00bb.vc_custom_1481287763689{padding-top: 50px !important;padding-bottom: 60px !important;background-color: #e8eff4 !important;}\u00bb][vc_column][vc_empty_space][\/vc_column][\/vc_row]\" \/>\n<meta property=\"og:url\" content=\"https:\/\/ferrallaslosllanos.es\/index.php\/sobre-nosotros\/\" \/>\n<meta property=\"og:site_name\" content=\"Ferrallas los Llanos\" \/>\n<meta property=\"article:modified_time\" content=\"2026-02-16T10:45:51+00:00\" \/>\n<meta name=\"twitter:card\" content=\"summary_large_image\" \/>\n<meta name=\"twitter:label1\" content=\"Tiempo de lectura\" \/>\n\t<meta name=\"twitter:data1\" content=\"3 minutos\" \/>\n<script type=\"application\/ld+json\" class=\"yoast-schema-graph\">{\"@context\":\"https:\/\/schema.org\",\"@graph\":[{\"@type\":\"WebPage\",\"@id\":\"https:\/\/ferrallaslosllanos.es\/index.php\/sobre-nosotros\/\",\"url\":\"https:\/\/ferrallaslosllanos.es\/index.php\/sobre-nosotros\/\",\"name\":\"Sobre nosotros - Ferrallas los Llanos\",\"isPartOf\":{\"@id\":\"https:\/\/ferrallaslosllanos.es\/#website\"},\"datePublished\":\"2016-11-22T13:30:25+00:00\",\"dateModified\":\"2026-02-16T10:45:51+00:00\",\"breadcrumb\":{\"@id\":\"https:\/\/ferrallaslosllanos.es\/index.php\/sobre-nosotros\/#breadcrumb\"},\"inLanguage\":\"es\",\"potentialAction\":[{\"@type\":\"ReadAction\",\"target\":[\"https:\/\/ferrallaslosllanos.es\/index.php\/sobre-nosotros\/\"]}]},{\"@type\":\"BreadcrumbList\",\"@id\":\"https:\/\/ferrallaslosllanos.es\/index.php\/sobre-nosotros\/#breadcrumb\",\"itemListElement\":[{\"@type\":\"ListItem\",\"position\":1,\"name\":\"Portada\",\"item\":\"https:\/\/ferrallaslosllanos.es\/\"},{\"@type\":\"ListItem\",\"position\":2,\"name\":\"Sobre nosotros\"}]},{\"@type\":\"WebSite\",\"@id\":\"https:\/\/ferrallaslosllanos.es\/#website\",\"url\":\"https:\/\/ferrallaslosllanos.es\/\",\"name\":\"Ferrallas los Llanos\",\"description\":\"Actividad productiva al suministro, elaboraci\u00f3n, armado y montaje de ferralla\",\"potentialAction\":[{\"@type\":\"SearchAction\",\"target\":{\"@type\":\"EntryPoint\",\"urlTemplate\":\"https:\/\/ferrallaslosllanos.es\/?s={search_term_string}\"},\"query-input\":{\"@type\":\"PropertyValueSpecification\",\"valueRequired\":true,\"valueName\":\"search_term_string\"}}],\"inLanguage\":\"es\"}]}<\/script>\n<!-- \/ Yoast SEO plugin. -->","yoast_head_json":{"title":"Sobre nosotros - Ferrallas los Llanos","robots":{"index":"index","follow":"follow","max-snippet":"max-snippet:-1","max-image-preview":"max-image-preview:large","max-video-preview":"max-video-preview:-1"},"canonical":"https:\/\/ferrallaslosllanos.es\/index.php\/sobre-nosotros\/","og_locale":"es_ES","og_type":"article","og_title":"Sobre nosotros - Ferrallas los Llanos","og_description":"[vc_row content_width=\u00bbgrid\u00bb css=\u00bb.vc_custom_1481290426649{margin-top: -255px !important;}\u00bb][vc_column][\/vc_column][\/vc_row][vc_row content_width=\u00bbgrid\u00bb content_aligment=\u00bbcenter\u00bb bottom_line=\u00bbyes\u00bb css=\u00bb.vc_custom_1770837874331{background-color: #ffffff !important;}\u00bb color_bottom_line=\u00bb#014f82&#8243; el_class=\u00bbhidden\u00bb][vc_column el_class=\u00bbhidden\u00bb][\/vc_column][\/vc_row][vc_row row_type=\u00bbparallax\u00bb content_width=\u00bbgrid\u00bb top_line=\u00bbyes\u00bb full_screen_section_height=\u00bbno\u00bb parallax_background_image=\u00bb10691&#8243; color_top_line=\u00bb#ffffff\u00bb][vc_column][\/vc_column][\/vc_row][vc_row content_width=\u00bbgrid\u00bb css=\u00bb.vc_custom_1479895679491{background-color: #e8eff4 !important;}\u00bb][vc_column el_class=\u00bbhidden\u00bb][vc_row_inner][vc_column_inner css=\u00bb.vc_custom_1481290598184{margin-top: -307px !important;}\u00bb][\/vc_column_inner][\/vc_row_inner][\/vc_column][\/vc_row][vc_row content_width=\u00bbgrid\u00bb css=\u00bb.vc_custom_1481287763689{padding-top: 50px !important;padding-bottom: 60px !important;background-color: #e8eff4 !important;}\u00bb][vc_column][vc_empty_space][\/vc_column][\/vc_row]","og_url":"https:\/\/ferrallaslosllanos.es\/index.php\/sobre-nosotros\/","og_site_name":"Ferrallas los Llanos","article_modified_time":"2026-02-16T10:45:51+00:00","twitter_card":"summary_large_image","twitter_misc":{"Tiempo de lectura":"3 minutos"},"schema":{"@context":"https:\/\/schema.org","@graph":[{"@type":"WebPage","@id":"https:\/\/ferrallaslosllanos.es\/index.php\/sobre-nosotros\/","url":"https:\/\/ferrallaslosllanos.es\/index.php\/sobre-nosotros\/","name":"Sobre nosotros - Ferrallas los Llanos","isPartOf":{"@id":"https:\/\/ferrallaslosllanos.es\/#website"},"datePublished":"2016-11-22T13:30:25+00:00","dateModified":"2026-02-16T10:45:51+00:00","breadcrumb":{"@id":"https:\/\/ferrallaslosllanos.es\/index.php\/sobre-nosotros\/#breadcrumb"},"inLanguage":"es","potentialAction":[{"@type":"ReadAction","target":["https:\/\/ferrallaslosllanos.es\/index.php\/sobre-nosotros\/"]}]},{"@type":"BreadcrumbList","@id":"https:\/\/ferrallaslosllanos.es\/index.php\/sobre-nosotros\/#breadcrumb","itemListElement":[{"@type":"ListItem","position":1,"name":"Portada","item":"https:\/\/ferrallaslosllanos.es\/"},{"@type":"ListItem","position":2,"name":"Sobre nosotros"}]},{"@type":"WebSite","@id":"https:\/\/ferrallaslosllanos.es\/#website","url":"https:\/\/ferrallaslosllanos.es\/","name":"Ferrallas los Llanos","description":"Actividad productiva al suministro, elaboraci\u00f3n, armado y montaje de ferralla","potentialAction":[{"@type":"SearchAction","target":{"@type":"EntryPoint","urlTemplate":"https:\/\/ferrallaslosllanos.es\/?s={search_term_string}"},"query-input":{"@type":"PropertyValueSpecification","valueRequired":true,"valueName":"search_term_string"}}],"inLanguage":"es"}]}},"_links":{"self":[{"href":"https:\/\/ferrallaslosllanos.es\/index.php\/wp-json\/wp\/v2\/pages\/10636","targetHints":{"allow":["GET"]}}],"collection":[{"href":"https:\/\/ferrallaslosllanos.es\/index.php\/wp-json\/wp\/v2\/pages"}],"about":[{"href":"https:\/\/ferrallaslosllanos.es\/index.php\/wp-json\/wp\/v2\/types\/page"}],"author":[{"embeddable":true,"href":"https:\/\/ferrallaslosllanos.es\/index.php\/wp-json\/wp\/v2\/users\/1"}],"replies":[{"embeddable":true,"href":"https:\/\/ferrallaslosllanos.es\/index.php\/wp-json\/wp\/v2\/comments?post=10636"}],"version-history":[{"count":22,"href":"https:\/\/ferrallaslosllanos.es\/index.php\/wp-json\/wp\/v2\/pages\/10636\/revisions"}],"predecessor-version":[{"id":17087,"href":"https:\/\/ferrallaslosllanos.es\/index.php\/wp-json\/wp\/v2\/pages\/10636\/revisions\/17087"}],"wp:attachment":[{"href":"https:\/\/ferrallaslosllanos.es\/index.php\/wp-json\/wp\/v2\/media?parent=10636"}],"curies":[{"name":"wp","href":"https:\/\/api.w.org\/{rel}","templated":true}]}}