{"id":16811,"date":"2024-11-14T16:04:21","date_gmt":"2024-11-14T16:04:21","guid":{"rendered":"https:\/\/ferrallaslosllanos.es\/?page_id=16811"},"modified":"2026-02-12T14:07:23","modified_gmt":"2026-02-12T14:07:23","slug":"obra-social","status":"publish","type":"page","link":"https:\/\/ferrallaslosllanos.es\/index.php\/obra-social\/","title":{"rendered":"Obra Social"},"content":{"rendered":"<p>[vc_row content_width=\u00bbgrid\u00bb css=\u00bb.vc_custom_1481040175339{padding-top: 118px !important;padding-bottom: 118px !important;background-color: #e6e9ec !important;}\u00bb][vc_column css=\u00bb.vc_custom_1731604614626{margin-right: 100px !important;margin-left: 100px !important;}\u00bb][vc_row_inner css=\u00bb.vc_custom_1731604562274{margin-top: 30px !important;}\u00bb][vc_column_inner width=\u00bb1\/2&#8243;][vc_single_image image=\u00bb16825&#8243; img_size=\u00bbmedium\u00bb][\/vc_column_inner][vc_column_inner width=\u00bb1\/2&#8243; css=\u00bb.vc_custom_1731604504452{margin-top: 20px !important;}\u00bb]<div class=\"mkd-section-subtitle-holder\" >\n\t<h3  class=\"mkd-section-subtitle\">Asociaci\u00f3n AFANION - Ni\u00f1os con c\u00e1ncer (Castilla - La Mancha).<\/h3>\n<\/div>[vc_column_text]<b><\/b>Es la Asociaci\u00f3n de Familias de Ni\u00f1os con C\u00e1ncer de Castilla-La Mancha. Naci\u00f3 el 19 de diciembre de 1995 gracias a un grupo de padres con hijos en la misma situaci\u00f3n, y su objetivo es mejorar la calidad de vida de este colectivo. Pod\u00e9is conocerles mejor y si lo dese\u00e1is ayudarles en el siguiente enlace: <a href=\"http:\/\/www.afanion.org\">www.afanion.org<\/a>[\/vc_column_text][\/vc_column_inner][\/vc_row_inner][vc_row_inner css=\u00bb.vc_custom_1731604547874{margin-top: 30px !important;}\u00bb][vc_column_inner width=\u00bb1\/2&#8243;][vc_single_image image=\u00bb16826&#8243; img_size=\u00bbmedium\u00bb][\/vc_column_inner][vc_column_inner width=\u00bb1\/2&#8243;]<div class=\"mkd-section-subtitle-holder\" >\n\t<h3  class=\"mkd-section-subtitle\">Asociaci\u00f3n UN@ M\u00c1S - Ni\u00f1os con discapacidad (Albacete)<\/h3>\n<\/div>[vc_column_text]Es una asociaci\u00f3n de apoyo a ni\u00f1os con discapacidad. El objetivo principal es construir un mundo donde tienen cabida todos los humanos. Trabajan por la inclusi\u00f3n social, la colaboraci\u00f3n, la ilusi\u00f3n y motivaci\u00f3n por construir un mundo mejor. Pod\u00e9is conocerles mejor y si lo dese\u00e1is ayudarles en el siguiente enlace: <a class=\"moz-txt-link-freetext\" href=\"https:\/\/asociacionunomas.wordpress.com\/\">asociacionunomas.wordpress.com<\/a>[\/vc_column_text][\/vc_column_inner][\/vc_row_inner][vc_row_inner css=\u00bb.vc_custom_1731604575312{margin-top: 30px !important;}\u00bb][vc_column_inner width=\u00bb1\/2&#8243;][vc_single_image image=\u00bb16821&#8243; img_size=\u00bbmedium\u00bb][\/vc_column_inner][vc_column_inner width=\u00bb1\/2&#8243;]<div class=\"mkd-section-subtitle-holder\" >\n\t<h3  class=\"mkd-section-subtitle\">Asociaci\u00f3n DESARROLLO AUTISMO (Albacete).<\/h3>\n<\/div>[vc_column_text]<b><\/b>Es una asociaci\u00f3n de padres de personas con trastornos del Espectro del Autismo sin \u00e1nimo de lucro cuya finalidad es la de ofrecer respuestas eficaces a las necesidades de las personas afectadas de TEA (Trastorno del Espectro del Autismo) durante todo el ciclo vital. Pod\u00e9is conocerles mejor y ayudarles en el siguiente enlace: <a class=\"moz-txt-link-freetext\" href=\"https:\/\/autismoalbacete.org\/\">autismoalbacete.org<\/a>[\/vc_column_text][\/vc_column_inner][\/vc_row_inner][vc_row_inner css=\u00bb.vc_custom_1731604728784{margin-top: 30px !important;}\u00bb][vc_column_inner width=\u00bb1\/2&#8243;][vc_single_image image=\u00bb16828&#8243; img_size=\u00bbmedium\u00bb][\/vc_column_inner][vc_column_inner width=\u00bb1\/2&#8243;]<div class=\"mkd-section-subtitle-holder\" >\n\t<h3  class=\"mkd-section-subtitle\">Club Deportivo HURAC\u00c1N DE BALAZOTE<\/h3>\n<\/div>[vc_column_text]<b><\/b>Es un equipo de f\u00fatbol modesto que desde hace unos a\u00f1os est\u00e1 consiguiendo competir en categor\u00edas Nacionales como la Tercera Federaci\u00f3n, fomentando el deporte en la peque\u00f1a localidad albacete\u00f1a de Balazote.[\/vc_column_text][\/vc_column_inner][\/vc_row_inner][vc_row_inner css=\u00bb.vc_custom_1731604581747{margin-top: 30px !important;}\u00bb][vc_column_inner width=\u00bb1\/2&#8243;][vc_single_image image=\u00bb16829&#8243; img_size=\u00bbmedium\u00bb][\/vc_column_inner][vc_column_inner width=\u00bb1\/2&#8243;]<div class=\"mkd-section-subtitle-holder\" >\n\t<h3  class=\"mkd-section-subtitle\">Club Deportivo PE\u00d1AS DE SAN PEDRO<\/h3>\n<\/div>[vc_column_text]Es una escuela de f\u00fatbol sala que en el pueblo de Pe\u00f1as de San Pedro trabaja con ni\u00f1os y ni\u00f1as desde categor\u00edas benjamines hasta juveniles, inculc\u00e1ndoles los valores del f\u00fatbol, el deporte, el juego limpio y el trabajo en equipo.[\/vc_column_text][\/vc_column_inner][\/vc_row_inner][vc_row_inner css=\u00bb.vc_custom_1731604581747{margin-top: 30px !important;}\u00bb][vc_column_inner width=\u00bb1\/2&#8243;][vc_single_image image=\u00bb16848&#8243; img_size=\u00bbmedium\u00bb][\/vc_column_inner][vc_column_inner width=\u00bb1\/2&#8243;]<div class=\"mkd-section-subtitle-holder\" >\n\t<h3  class=\"mkd-section-subtitle\">ACEPAIN<\/h3>\n<\/div>[vc_column_text]Es la continuidad de la Asociaci\u00f3n \u00abCosturas en la Piel\u00bb constituida en 2015 y fundada por un grupo de pacientes oncol\u00f3gicas afectadas de distintas patolog\u00edas de c\u00e1ncer para recaudar fondos con el \u00fanico objetivo de fomentar y financiar la investigaci\u00f3n en c\u00e1ncer. Pod\u00e9is conocerles mejor y si lo dese\u00e1is ayudarles en el siguiente enlace: <a href=\"http:\/\/www.acepainalbacete.es\">www.acepainalbacete.es<\/a>[\/vc_column_text][\/vc_column_inner][\/vc_row_inner][\/vc_column][\/vc_row][vc_row content_width=\u00bbgrid\u00bb css=\u00bb.vc_custom_1731604586234{margin-top: 30px !important;padding-top: 102px !important;padding-bottom: 80px !important;}\u00bb][vc_column offset=\u00bbvc_col-lg-4 vc_col-md-4&#8243;][vc_column_text]<\/p>\n<h4>Tel\u00e9fono<\/h4>\n<p>[\/vc_column_text][vc_empty_space height=\u00bb12px\u00bb]<div  class=\"mkd-icon-list-item mkd-icon-list-item-default-font-family\">\n\t<div class=\"mkd-icon-list-icon-holder\">\n\t\t<div class=\"mkd-icon-list-icon-holder-inner clearfix\">\n\t\t\t<span aria-hidden=\"true\" class=\"mkd-icon-font-elegant icon_phone \" style=\"color:#043f71;font-size:18px\" ><\/span>\t\t<\/div>\n\t<\/div>\n\t<p class=\"mkd-icon-list-text\"  > 967-254-010<\/p>\n<\/div><div  class=\"mkd-icon-list-item mkd-icon-list-item-default-font-family\">\n\t<div class=\"mkd-icon-list-icon-holder\">\n\t\t<div class=\"mkd-icon-list-icon-holder-inner clearfix\">\n\t\t\t<span aria-hidden=\"true\" class=\"mkd-icon-font-elegant icon_phone \" style=\"color:#043f71;font-size:18px\" ><\/span>\t\t<\/div>\n\t<\/div>\n\t<p class=\"mkd-icon-list-text\"  > 670-333-287<\/p>\n<\/div>[vc_empty_space][\/vc_column][vc_column offset=\u00bbvc_col-lg-4 vc_col-md-4&#8243;][vc_column_text]<\/p>\n<h4>Direcci\u00f3n<\/h4>\n<p>[\/vc_column_text][vc_empty_space height=\u00bb12px\u00bb]<div  class=\"mkd-icon-list-item mkd-icon-list-item-default-font-family\">\n\t<div class=\"mkd-icon-list-icon-holder\">\n\t\t<div class=\"mkd-icon-list-icon-holder-inner clearfix\">\n\t\t\t<span aria-hidden=\"true\" class=\"mkd-icon-font-elegant icon_pin \" style=\"color:#043f71;font-size:18px\" ><\/span>\t\t<\/div>\n\t<\/div>\n\t<p class=\"mkd-icon-list-text\"  > C.P. 02006 Albacete, Pol\u00edgono Romica<\/p>\n<\/div><div  class=\"mkd-icon-list-item mkd-icon-list-item-default-font-family\">\n\t<div class=\"mkd-icon-list-icon-holder\">\n\t\t<div class=\"mkd-icon-list-icon-holder-inner clearfix\">\n\t\t\t<span aria-hidden=\"true\" class=\"mkd-icon-font-elegant  \" style=\"color:#043f71\" ><\/span>\t\t<\/div>\n\t<\/div>\n\t<p class=\"mkd-icon-list-text\"  > C\/4, parcelas 41 y 42<\/p>\n<\/div>[vc_empty_space][\/vc_column][vc_column offset=\u00bbvc_col-lg-4 vc_col-md-4&#8243;][vc_column_text]<\/p>\n<h4>Email<\/h4>\n<p>[\/vc_column_text][vc_empty_space height=\u00bb12px\u00bb]<div  class=\"mkd-icon-list-item mkd-icon-list-item-default-font-family\">\n\t<div class=\"mkd-icon-list-icon-holder\">\n\t\t<div class=\"mkd-icon-list-icon-holder-inner clearfix\">\n\t\t\t<span aria-hidden=\"true\" class=\"mkd-icon-font-elegant icon_comment \" style=\"color:#043f71;font-size:18px\" ><\/span>\t\t<\/div>\n\t<\/div>\n\t<p class=\"mkd-icon-list-text\"  > blas@ferrallaslosllanos.es<\/p>\n<\/div>[vc_empty_space][\/vc_column][\/vc_row][vc_row][vc_column]<div class=\"mkd-blog-list-holder mkd-one-column mkd-grid-type-1 mkd-blog-list-grid\">\n\t<ul class=\"mkd-blog-list\">\n\t\t\t\t\t<div class=\"mkd-blog-list-messsage\">\n\t\t\t\t<p>No posts were found.<\/p>\n\t\t\t<\/div>\n\t\t\t<\/ul>\n<\/div>\n[\/vc_column][\/vc_row]<\/p>\n","protected":false},"excerpt":{"rendered":"<p>[vc_row content_width=\u00bbgrid\u00bb css=\u00bb.vc_custom_1481040175339{padding-top: 118px !important;padding-bottom: 118px !important;background-color: #e6e9ec !important;}\u00bb][vc_column css=\u00bb.vc_custom_1731604614626{margin-right: 100px !important;margin-left: 100px !important;}\u00bb][vc_row_inner css=\u00bb.vc_custom_1731604562274{margin-top: 30px !important;}\u00bb][vc_column_inner width=\u00bb1\/2&#8243;][vc_single_image image=\u00bb16825&#8243; img_size=\u00bbmedium\u00bb][\/vc_column_inner][vc_column_inner width=\u00bb1\/2&#8243; css=\u00bb.vc_custom_1731604504452{margin-top: 20px !important;}\u00bb][vc_column_text]Es la Asociaci\u00f3n de Familias de Ni\u00f1os con C\u00e1ncer de Castilla-La Mancha. Naci\u00f3 el 19 de diciembre de 1995 gracias a un&#8230;<\/p>\n","protected":false},"author":1,"featured_media":0,"parent":0,"menu_order":0,"comment_status":"closed","ping_status":"closed","template":"full-width.php","meta":{"footnotes":""},"class_list":["post-16811","page","type-page","status-publish","hentry"],"yoast_head":"<!-- This site is optimized with the Yoast SEO plugin v24.9 - https:\/\/yoast.com\/wordpress\/plugins\/seo\/ -->\n<title>Obra Social - Ferrallas los Llanos<\/title>\n<meta name=\"robots\" content=\"index, follow, max-snippet:-1, max-image-preview:large, max-video-preview:-1\" \/>\n<link rel=\"canonical\" href=\"https:\/\/ferrallaslosllanos.es\/index.php\/obra-social\/\" \/>\n<meta property=\"og:locale\" content=\"es_ES\" \/>\n<meta property=\"og:type\" content=\"article\" \/>\n<meta property=\"og:title\" content=\"Obra Social - Ferrallas los Llanos\" \/>\n<meta property=\"og:description\" content=\"[vc_row content_width=\u00bbgrid\u00bb css=\u00bb.vc_custom_1481040175339{padding-top: 118px !important;padding-bottom: 118px !important;background-color: #e6e9ec !important;}\u00bb][vc_column css=\u00bb.vc_custom_1731604614626{margin-right: 100px !important;margin-left: 100px !important;}\u00bb][vc_row_inner css=\u00bb.vc_custom_1731604562274{margin-top: 30px !important;}\u00bb][vc_column_inner width=\u00bb1\/2&#8243;][vc_single_image image=\u00bb16825&#8243; img_size=\u00bbmedium\u00bb][\/vc_column_inner][vc_column_inner width=\u00bb1\/2&#8243; css=\u00bb.vc_custom_1731604504452{margin-top: 20px !important;}\u00bb][vc_column_text]Es la Asociaci\u00f3n de Familias de Ni\u00f1os con C\u00e1ncer de Castilla-La Mancha. Naci\u00f3 el 19 de diciembre de 1995 gracias a un...\" \/>\n<meta property=\"og:url\" content=\"https:\/\/ferrallaslosllanos.es\/index.php\/obra-social\/\" \/>\n<meta property=\"og:site_name\" content=\"Ferrallas los Llanos\" \/>\n<meta property=\"article:modified_time\" content=\"2026-02-12T14:07:23+00:00\" \/>\n<meta name=\"twitter:card\" content=\"summary_large_image\" \/>\n<meta name=\"twitter:label1\" content=\"Tiempo de lectura\" \/>\n\t<meta name=\"twitter:data1\" content=\"3 minutos\" \/>\n<script type=\"application\/ld+json\" class=\"yoast-schema-graph\">{\"@context\":\"https:\/\/schema.org\",\"@graph\":[{\"@type\":\"WebPage\",\"@id\":\"https:\/\/ferrallaslosllanos.es\/index.php\/obra-social\/\",\"url\":\"https:\/\/ferrallaslosllanos.es\/index.php\/obra-social\/\",\"name\":\"Obra Social - Ferrallas los Llanos\",\"isPartOf\":{\"@id\":\"https:\/\/ferrallaslosllanos.es\/#website\"},\"datePublished\":\"2024-11-14T16:04:21+00:00\",\"dateModified\":\"2026-02-12T14:07:23+00:00\",\"breadcrumb\":{\"@id\":\"https:\/\/ferrallaslosllanos.es\/index.php\/obra-social\/#breadcrumb\"},\"inLanguage\":\"es\",\"potentialAction\":[{\"@type\":\"ReadAction\",\"target\":[\"https:\/\/ferrallaslosllanos.es\/index.php\/obra-social\/\"]}]},{\"@type\":\"BreadcrumbList\",\"@id\":\"https:\/\/ferrallaslosllanos.es\/index.php\/obra-social\/#breadcrumb\",\"itemListElement\":[{\"@type\":\"ListItem\",\"position\":1,\"name\":\"Portada\",\"item\":\"https:\/\/ferrallaslosllanos.es\/\"},{\"@type\":\"ListItem\",\"position\":2,\"name\":\"Obra Social\"}]},{\"@type\":\"WebSite\",\"@id\":\"https:\/\/ferrallaslosllanos.es\/#website\",\"url\":\"https:\/\/ferrallaslosllanos.es\/\",\"name\":\"Ferrallas los Llanos\",\"description\":\"Actividad productiva al suministro, elaboraci\u00f3n, armado y montaje de ferralla\",\"potentialAction\":[{\"@type\":\"SearchAction\",\"target\":{\"@type\":\"EntryPoint\",\"urlTemplate\":\"https:\/\/ferrallaslosllanos.es\/?s={search_term_string}\"},\"query-input\":{\"@type\":\"PropertyValueSpecification\",\"valueRequired\":true,\"valueName\":\"search_term_string\"}}],\"inLanguage\":\"es\"}]}<\/script>\n<!-- \/ Yoast SEO plugin. -->","yoast_head_json":{"title":"Obra Social - Ferrallas los Llanos","robots":{"index":"index","follow":"follow","max-snippet":"max-snippet:-1","max-image-preview":"max-image-preview:large","max-video-preview":"max-video-preview:-1"},"canonical":"https:\/\/ferrallaslosllanos.es\/index.php\/obra-social\/","og_locale":"es_ES","og_type":"article","og_title":"Obra Social - Ferrallas los Llanos","og_description":"[vc_row content_width=\u00bbgrid\u00bb css=\u00bb.vc_custom_1481040175339{padding-top: 118px !important;padding-bottom: 118px !important;background-color: #e6e9ec !important;}\u00bb][vc_column css=\u00bb.vc_custom_1731604614626{margin-right: 100px !important;margin-left: 100px !important;}\u00bb][vc_row_inner css=\u00bb.vc_custom_1731604562274{margin-top: 30px !important;}\u00bb][vc_column_inner width=\u00bb1\/2&#8243;][vc_single_image image=\u00bb16825&#8243; img_size=\u00bbmedium\u00bb][\/vc_column_inner][vc_column_inner width=\u00bb1\/2&#8243; css=\u00bb.vc_custom_1731604504452{margin-top: 20px !important;}\u00bb][vc_column_text]Es la Asociaci\u00f3n de Familias de Ni\u00f1os con C\u00e1ncer de Castilla-La Mancha. Naci\u00f3 el 19 de diciembre de 1995 gracias a un...","og_url":"https:\/\/ferrallaslosllanos.es\/index.php\/obra-social\/","og_site_name":"Ferrallas los Llanos","article_modified_time":"2026-02-12T14:07:23+00:00","twitter_card":"summary_large_image","twitter_misc":{"Tiempo de lectura":"3 minutos"},"schema":{"@context":"https:\/\/schema.org","@graph":[{"@type":"WebPage","@id":"https:\/\/ferrallaslosllanos.es\/index.php\/obra-social\/","url":"https:\/\/ferrallaslosllanos.es\/index.php\/obra-social\/","name":"Obra Social - Ferrallas los Llanos","isPartOf":{"@id":"https:\/\/ferrallaslosllanos.es\/#website"},"datePublished":"2024-11-14T16:04:21+00:00","dateModified":"2026-02-12T14:07:23+00:00","breadcrumb":{"@id":"https:\/\/ferrallaslosllanos.es\/index.php\/obra-social\/#breadcrumb"},"inLanguage":"es","potentialAction":[{"@type":"ReadAction","target":["https:\/\/ferrallaslosllanos.es\/index.php\/obra-social\/"]}]},{"@type":"BreadcrumbList","@id":"https:\/\/ferrallaslosllanos.es\/index.php\/obra-social\/#breadcrumb","itemListElement":[{"@type":"ListItem","position":1,"name":"Portada","item":"https:\/\/ferrallaslosllanos.es\/"},{"@type":"ListItem","position":2,"name":"Obra Social"}]},{"@type":"WebSite","@id":"https:\/\/ferrallaslosllanos.es\/#website","url":"https:\/\/ferrallaslosllanos.es\/","name":"Ferrallas los Llanos","description":"Actividad productiva al suministro, elaboraci\u00f3n, armado y montaje de ferralla","potentialAction":[{"@type":"SearchAction","target":{"@type":"EntryPoint","urlTemplate":"https:\/\/ferrallaslosllanos.es\/?s={search_term_string}"},"query-input":{"@type":"PropertyValueSpecification","valueRequired":true,"valueName":"search_term_string"}}],"inLanguage":"es"}]}},"_links":{"self":[{"href":"https:\/\/ferrallaslosllanos.es\/index.php\/wp-json\/wp\/v2\/pages\/16811","targetHints":{"allow":["GET"]}}],"collection":[{"href":"https:\/\/ferrallaslosllanos.es\/index.php\/wp-json\/wp\/v2\/pages"}],"about":[{"href":"https:\/\/ferrallaslosllanos.es\/index.php\/wp-json\/wp\/v2\/types\/page"}],"author":[{"embeddable":true,"href":"https:\/\/ferrallaslosllanos.es\/index.php\/wp-json\/wp\/v2\/users\/1"}],"replies":[{"embeddable":true,"href":"https:\/\/ferrallaslosllanos.es\/index.php\/wp-json\/wp\/v2\/comments?post=16811"}],"version-history":[{"count":18,"href":"https:\/\/ferrallaslosllanos.es\/index.php\/wp-json\/wp\/v2\/pages\/16811\/revisions"}],"predecessor-version":[{"id":16851,"href":"https:\/\/ferrallaslosllanos.es\/index.php\/wp-json\/wp\/v2\/pages\/16811\/revisions\/16851"}],"wp:attachment":[{"href":"https:\/\/ferrallaslosllanos.es\/index.php\/wp-json\/wp\/v2\/media?parent=16811"}],"curies":[{"name":"wp","href":"https:\/\/api.w.org\/{rel}","templated":true}]}}