{"id":16916,"date":"2025-10-10T10:56:48","date_gmt":"2025-10-10T10:56:48","guid":{"rendered":"https:\/\/ferrallaslosllanos.es\/?page_id=16916"},"modified":"2026-02-12T13:54:21","modified_gmt":"2026-02-12T13:54:21","slug":"calidad","status":"publish","type":"page","link":"https:\/\/ferrallaslosllanos.es\/index.php\/calidad\/","title":{"rendered":"Calidad"},"content":{"rendered":"<p>[vc_row][vc_column][vc_column_text]<\/p>\n<p style=\"text-align: center; font-size: 18px;\">Descargue aqu\u00ed y en un solo click la documentaci\u00f3n de calidad, ambiental y de gesti\u00f3n tanto de<strong> FERRALLAS LOS LLANOS \/ FERGALSAN<\/strong> como de los FABRICANTES que nos suministran todo nuestro acero.<\/p>\n<p>[\/vc_column_text]<a href=\"https:\/\/ferrallaslosllanos.es\/wp-content\/uploads\/2026\/02\/CERTIFICADOS-DE-CALIDAD-GENERICOS.zip\" target=\"_self\" style=\"margin: 0 auto\" class=\"mkd-btn mkd-btn-medium mkd-btn-white mkd-btn-icon\"  >\n\t<span class=\"mkd-btn-text-holder\">\n\t\t<span class=\"mkd-btn-text\">CERTIFICADOS DE CALIDAD INICIAL GEN\u00c9RICOS CERTIFICADOS DE CALIDAD INICIAL GEN\u00c9RICOS<\/span>\n\t\t\t\t\t<span class=\"mkd-btn-icon-holder\">\n\t\t\t\t<i class=\"mkd-icon-font-awesome fa fa-download mkd-btn-icon-elem\" ><\/i>\t\t\t<\/span>\n\t\t\t<\/span>\n\t<\/a>\n[\/vc_column][\/vc_row]<\/p>\n","protected":false},"excerpt":{"rendered":"<p>[vc_row][vc_column][vc_column_text] Descargue aqu\u00ed y en un solo click la documentaci\u00f3n de calidad, ambiental y de gesti\u00f3n tanto de FERRALLAS LOS LLANOS \/ FERGALSAN como de los FABRICANTES que nos suministran todo nuestro acero. [\/vc_column_text][\/vc_column][\/vc_row]<\/p>\n","protected":false},"author":1,"featured_media":0,"parent":0,"menu_order":0,"comment_status":"closed","ping_status":"closed","template":"full-width.php","meta":{"footnotes":""},"class_list":["post-16916","page","type-page","status-publish","hentry"],"yoast_head":"<!-- This site is optimized with the Yoast SEO plugin v24.9 - https:\/\/yoast.com\/wordpress\/plugins\/seo\/ -->\n<title>Calidad - Ferrallas los Llanos<\/title>\n<meta name=\"robots\" content=\"index, follow, max-snippet:-1, max-image-preview:large, max-video-preview:-1\" \/>\n<link rel=\"canonical\" href=\"https:\/\/ferrallaslosllanos.es\/index.php\/calidad\/\" \/>\n<meta property=\"og:locale\" content=\"es_ES\" \/>\n<meta property=\"og:type\" content=\"article\" \/>\n<meta property=\"og:title\" content=\"Calidad - Ferrallas los Llanos\" \/>\n<meta property=\"og:description\" content=\"[vc_row][vc_column][vc_column_text] Descargue aqu\u00ed y en un solo click la documentaci\u00f3n de calidad, ambiental y de gesti\u00f3n tanto de FERRALLAS LOS LLANOS \/ FERGALSAN como de los FABRICANTES que nos suministran todo nuestro acero. [\/vc_column_text][\/vc_column][\/vc_row]\" \/>\n<meta property=\"og:url\" content=\"https:\/\/ferrallaslosllanos.es\/index.php\/calidad\/\" \/>\n<meta property=\"og:site_name\" content=\"Ferrallas los Llanos\" \/>\n<meta property=\"article:modified_time\" content=\"2026-02-12T13:54:21+00:00\" \/>\n<meta name=\"twitter:card\" content=\"summary_large_image\" \/>\n<meta name=\"twitter:label1\" content=\"Tiempo de lectura\" \/>\n\t<meta name=\"twitter:data1\" content=\"1 minuto\" \/>\n<script type=\"application\/ld+json\" class=\"yoast-schema-graph\">{\"@context\":\"https:\/\/schema.org\",\"@graph\":[{\"@type\":\"WebPage\",\"@id\":\"https:\/\/ferrallaslosllanos.es\/index.php\/calidad\/\",\"url\":\"https:\/\/ferrallaslosllanos.es\/index.php\/calidad\/\",\"name\":\"Calidad - Ferrallas los Llanos\",\"isPartOf\":{\"@id\":\"https:\/\/ferrallaslosllanos.es\/#website\"},\"datePublished\":\"2025-10-10T10:56:48+00:00\",\"dateModified\":\"2026-02-12T13:54:21+00:00\",\"breadcrumb\":{\"@id\":\"https:\/\/ferrallaslosllanos.es\/index.php\/calidad\/#breadcrumb\"},\"inLanguage\":\"es\",\"potentialAction\":[{\"@type\":\"ReadAction\",\"target\":[\"https:\/\/ferrallaslosllanos.es\/index.php\/calidad\/\"]}]},{\"@type\":\"BreadcrumbList\",\"@id\":\"https:\/\/ferrallaslosllanos.es\/index.php\/calidad\/#breadcrumb\",\"itemListElement\":[{\"@type\":\"ListItem\",\"position\":1,\"name\":\"Portada\",\"item\":\"https:\/\/ferrallaslosllanos.es\/\"},{\"@type\":\"ListItem\",\"position\":2,\"name\":\"Calidad\"}]},{\"@type\":\"WebSite\",\"@id\":\"https:\/\/ferrallaslosllanos.es\/#website\",\"url\":\"https:\/\/ferrallaslosllanos.es\/\",\"name\":\"Ferrallas los Llanos\",\"description\":\"Actividad productiva al suministro, elaboraci\u00f3n, armado y montaje de ferralla\",\"potentialAction\":[{\"@type\":\"SearchAction\",\"target\":{\"@type\":\"EntryPoint\",\"urlTemplate\":\"https:\/\/ferrallaslosllanos.es\/?s={search_term_string}\"},\"query-input\":{\"@type\":\"PropertyValueSpecification\",\"valueRequired\":true,\"valueName\":\"search_term_string\"}}],\"inLanguage\":\"es\"}]}<\/script>\n<!-- \/ Yoast SEO plugin. -->","yoast_head_json":{"title":"Calidad - Ferrallas los Llanos","robots":{"index":"index","follow":"follow","max-snippet":"max-snippet:-1","max-image-preview":"max-image-preview:large","max-video-preview":"max-video-preview:-1"},"canonical":"https:\/\/ferrallaslosllanos.es\/index.php\/calidad\/","og_locale":"es_ES","og_type":"article","og_title":"Calidad - Ferrallas los Llanos","og_description":"[vc_row][vc_column][vc_column_text] Descargue aqu\u00ed y en un solo click la documentaci\u00f3n de calidad, ambiental y de gesti\u00f3n tanto de FERRALLAS LOS LLANOS \/ FERGALSAN como de los FABRICANTES que nos suministran todo nuestro acero. [\/vc_column_text][\/vc_column][\/vc_row]","og_url":"https:\/\/ferrallaslosllanos.es\/index.php\/calidad\/","og_site_name":"Ferrallas los Llanos","article_modified_time":"2026-02-12T13:54:21+00:00","twitter_card":"summary_large_image","twitter_misc":{"Tiempo de lectura":"1 minuto"},"schema":{"@context":"https:\/\/schema.org","@graph":[{"@type":"WebPage","@id":"https:\/\/ferrallaslosllanos.es\/index.php\/calidad\/","url":"https:\/\/ferrallaslosllanos.es\/index.php\/calidad\/","name":"Calidad - Ferrallas los Llanos","isPartOf":{"@id":"https:\/\/ferrallaslosllanos.es\/#website"},"datePublished":"2025-10-10T10:56:48+00:00","dateModified":"2026-02-12T13:54:21+00:00","breadcrumb":{"@id":"https:\/\/ferrallaslosllanos.es\/index.php\/calidad\/#breadcrumb"},"inLanguage":"es","potentialAction":[{"@type":"ReadAction","target":["https:\/\/ferrallaslosllanos.es\/index.php\/calidad\/"]}]},{"@type":"BreadcrumbList","@id":"https:\/\/ferrallaslosllanos.es\/index.php\/calidad\/#breadcrumb","itemListElement":[{"@type":"ListItem","position":1,"name":"Portada","item":"https:\/\/ferrallaslosllanos.es\/"},{"@type":"ListItem","position":2,"name":"Calidad"}]},{"@type":"WebSite","@id":"https:\/\/ferrallaslosllanos.es\/#website","url":"https:\/\/ferrallaslosllanos.es\/","name":"Ferrallas los Llanos","description":"Actividad productiva al suministro, elaboraci\u00f3n, armado y montaje de ferralla","potentialAction":[{"@type":"SearchAction","target":{"@type":"EntryPoint","urlTemplate":"https:\/\/ferrallaslosllanos.es\/?s={search_term_string}"},"query-input":{"@type":"PropertyValueSpecification","valueRequired":true,"valueName":"search_term_string"}}],"inLanguage":"es"}]}},"_links":{"self":[{"href":"https:\/\/ferrallaslosllanos.es\/index.php\/wp-json\/wp\/v2\/pages\/16916","targetHints":{"allow":["GET"]}}],"collection":[{"href":"https:\/\/ferrallaslosllanos.es\/index.php\/wp-json\/wp\/v2\/pages"}],"about":[{"href":"https:\/\/ferrallaslosllanos.es\/index.php\/wp-json\/wp\/v2\/types\/page"}],"author":[{"embeddable":true,"href":"https:\/\/ferrallaslosllanos.es\/index.php\/wp-json\/wp\/v2\/users\/1"}],"replies":[{"embeddable":true,"href":"https:\/\/ferrallaslosllanos.es\/index.php\/wp-json\/wp\/v2\/comments?post=16916"}],"version-history":[{"count":30,"href":"https:\/\/ferrallaslosllanos.es\/index.php\/wp-json\/wp\/v2\/pages\/16916\/revisions"}],"predecessor-version":[{"id":17073,"href":"https:\/\/ferrallaslosllanos.es\/index.php\/wp-json\/wp\/v2\/pages\/16916\/revisions\/17073"}],"wp:attachment":[{"href":"https:\/\/ferrallaslosllanos.es\/index.php\/wp-json\/wp\/v2\/media?parent=16916"}],"curies":[{"name":"wp","href":"https:\/\/api.w.org\/{rel}","templated":true}]}}